{"id":1279,"date":"2026-01-29T10:27:13","date_gmt":"2026-01-29T09:27:13","guid":{"rendered":"https:\/\/o-matic.ch\/accessibility-declaration\/"},"modified":"2026-02-09T11:01:11","modified_gmt":"2026-02-09T10:01:11","slug":"accessibility-declaration","status":"publish","type":"page","link":"https:\/\/o-matic.ch\/en\/accessibility-declaration\/","title":{"rendered":"Accessibility declaration"},"content":{"rendered":"\n<p>Last update: January 29, 2026<\/p>\n\n<div class=\"wp-block-group\"><div class=\"wp-block-group__inner-container is-layout-constrained wp-block-group-is-layout-constrained\">\n<h2 class=\"wp-block-heading mb-3\">RGAA compliance<\/h2>\n\n\n\n<p>The o-matic.ch website is partially compliant with the R\u00e9f\u00e9rentiel G\u00e9n\u00e9ral d&#8217;Am\u00e9lioration de l&#8217;Accessibilit\u00e9 (RGAA) version 4.1.2, due to the non-conformities and derogations listed below.<\/p>\n\n\n\n<p>This declaration is based on a 50-criteria accessibility audit carried out in accordance with the RGAA 4.1.2 methodology, available at<br\/><a href=\"https:\/\/ara.numerique.gouv.fr\/rapport\/r1B6-ybMcbeyWNSOs4a_d\/\" target=\"_blank\" rel=\"noreferrer noopener\">\ud83d\udc49 https:\/\/ara.numerique.gouv.fr\/rapport\/r1B6-ybMcbeyWNSOs4a_d\/<\/a><\/p>\n<\/div><\/div>\n\n<div class=\"wp-block-group\"><div class=\"wp-block-group__inner-container is-layout-constrained wp-block-group-is-layout-constrained\">\n<h2 class=\"wp-block-heading mb-3\">Audit results<\/h2>\n\n\n\n<p>The audit revealed that 99% of RGAA 4.1.2 criteria had been met. Non-compliant points mainly concern : <\/p>\n\n\n\n<ul class=\"wp-block-list\">\n<li>Keyboard navigation: some non-blocking functions cannot be accessed without a mouse.<\/li>\n\n\n\n<li>Color contrast: some text elements do not meet the minimum contrast ratio (minimum brightness ratio of 4.5:1) for AA validation.<\/li>\n<\/ul>\n\n\n\n<h3 class=\"wp-block-heading mb-2\">Results details<\/h3>\n\n\n\n<h4 class=\"wp-block-heading mb-2\" id=\"repartition-des-criteres-par-pages\">Breakdown of criteria by page<\/h4>\n\n\n\n<figure class=\"wp-block-table is-style-stripes\"><table class=\"has-fixed-layout\"><thead><tr><th class=\"has-text-align-left\" data-align=\"left\">Pages<\/th><th class=\"has-text-align-left\" data-align=\"left\">Compliant criteria<\/th><th class=\"has-text-align-left\" data-align=\"left\">Non-compliant criteria<\/th><\/tr><\/thead><tbody><tr><td class=\"has-text-align-left\" data-align=\"left\"><a href=\"\/\">Homepage<\/a><\/td><td class=\"has-text-align-left\" data-align=\"left\">25<\/td><td class=\"has-text-align-left\" data-align=\"left\">1<\/td><\/tr><tr><td class=\"has-text-align-left\" data-align=\"left\"><a href=\"https:\/\/o-matic.ch\/en\/studio-omatic\/\">Studio<\/a><\/td><td class=\"has-text-align-left\" data-align=\"left\">27<\/td><td class=\"has-text-align-left\" data-align=\"left\">0<\/td><\/tr><tr><td class=\"has-text-align-left\" data-align=\"left\"><a href=\"https:\/\/o-matic.ch\/en\/services\/ux-ui\/\" data-type=\"page\" data-id=\"384\">Service (example)<\/a><\/td><td class=\"has-text-align-left\" data-align=\"left\">26<\/td><td class=\"has-text-align-left\" data-align=\"left\">0<\/td><\/tr><tr><td class=\"has-text-align-left\" data-align=\"left\"><a href=\"https:\/\/o-matic.ch\/en\/portfolio\/transpomatic\/\">Project<\/a><\/td><td class=\"has-text-align-left\" data-align=\"left\">27<\/td><td class=\"has-text-align-left\" data-align=\"left\">0<\/td><\/tr><tr><td class=\"has-text-align-left\" data-align=\"left\"><a href=\"https:\/\/o-matic.ch\/en\/blog\/websites-and-web-applications\/why-should-you-redesign-your-website\/\">Article (example)<\/a><\/td><td class=\"has-text-align-left\" data-align=\"left\">26<\/td><td class=\"has-text-align-left\" data-align=\"left\">0<\/td><\/tr><tr><td class=\"has-text-align-left\" data-align=\"left\"><a href=\"https:\/\/o-matic.ch\/en\/contact\/\">Contact<\/a><\/td><td class=\"has-text-align-left\" data-align=\"left\">28<\/td><td class=\"has-text-align-left\" data-align=\"left\">0<\/td><\/tr><tr><td class=\"has-text-align-left\" data-align=\"left\"><a href=\"https:\/\/o-matic.ch\/en\/specification-template-pdf\/\">Specifications document<\/a><\/td><td class=\"has-text-align-left\" data-align=\"left\">36<\/td><td class=\"has-text-align-left\" data-align=\"left\">0<\/td><\/tr><\/tbody><\/table><\/figure>\n\n\n\n<p class=\"mb-3\">1 non-compliant criterion concerns elements that cut across all the pages in the sample.<\/p>\n\n\n\n<h4 class=\"wp-block-heading mb-2\" id=\"repartition-des-criteres-par-thematiques-du-rgaa\">Breakdown of criteria by RGAA theme<\/h4>\n\n\n\n<figure class=\"wp-block-table is-style-stripes\"><table class=\"has-fixed-layout\"><thead><tr><th class=\"has-text-align-left\" data-align=\"left\">RGAA themes<\/th><th class=\"has-text-align-left\" data-align=\"left\">Compliant criteria<\/th><th class=\"has-text-align-left\" data-align=\"left\">Non-compliant criteria<\/th><th class=\"has-text-align-left\" data-align=\"left\">Criteria not applicable<\/th><\/tr><\/thead><tbody><tr><td class=\"has-text-align-left\" data-align=\"left\">1. Images<\/td><td class=\"has-text-align-left\" data-align=\"left\">4<\/td><td class=\"has-text-align-left\" data-align=\"left\">0<\/td><td class=\"has-text-align-left\" data-align=\"left\">1<\/td><\/tr><tr><td class=\"has-text-align-left\" data-align=\"left\">2. Colors<\/td><td class=\"has-text-align-left\" data-align=\"left\">1<\/td><td class=\"has-text-align-left\" data-align=\"left\">0<\/td><td class=\"has-text-align-left\" data-align=\"left\">0<\/td><\/tr><tr><td class=\"has-text-align-left\" data-align=\"left\">3. Multimedia<\/td><td class=\"has-text-align-left\" data-align=\"left\">3<\/td><td class=\"has-text-align-left\" data-align=\"left\">0<\/td><td class=\"has-text-align-left\" data-align=\"left\">3<\/td><\/tr><tr><td class=\"has-text-align-left\" data-align=\"left\">4. Tables<\/td><td class=\"has-text-align-left\" data-align=\"left\">0<\/td><td class=\"has-text-align-left\" data-align=\"left\">0<\/td><td class=\"has-text-align-left\" data-align=\"left\">4<\/td><\/tr><tr><td class=\"has-text-align-left\" data-align=\"left\">5. Links<\/td><td class=\"has-text-align-left\" data-align=\"left\">2<\/td><td class=\"has-text-align-left\" data-align=\"left\">0<\/td><td class=\"has-text-align-left\" data-align=\"left\">0<\/td><\/tr><tr><td class=\"has-text-align-left\" data-align=\"left\">6. Scripts<\/td><td class=\"has-text-align-left\" data-align=\"left\">3<\/td><td class=\"has-text-align-left\" data-align=\"left\">0<\/td><td class=\"has-text-align-left\" data-align=\"left\">0<\/td><\/tr><tr><td class=\"has-text-align-left\" data-align=\"left\">7. Mandatory elements<\/td><td class=\"has-text-align-left\" data-align=\"left\">5<\/td><td class=\"has-text-align-left\" data-align=\"left\">0<\/td><td class=\"has-text-align-left\" data-align=\"left\">1<\/td><\/tr><tr><td class=\"has-text-align-left\" data-align=\"left\">8. Structuring information<\/td><td class=\"has-text-align-left\" data-align=\"left\">1<\/td><td class=\"has-text-align-left\" data-align=\"left\">0<\/td><td class=\"has-text-align-left\" data-align=\"left\">0<\/td><\/tr><tr><td class=\"has-text-align-left\" data-align=\"left\">9. Presentation of information<\/td><td class=\"has-text-align-left\" data-align=\"left\">7<\/td><td class=\"has-text-align-left\" data-align=\"left\">0<\/td><td class=\"has-text-align-left\" data-align=\"left\">0<\/td><\/tr><tr><td class=\"has-text-align-left\" data-align=\"left\">10. Forms<\/td><td class=\"has-text-align-left\" data-align=\"left\">6<\/td><td class=\"has-text-align-left\" data-align=\"left\">0<\/td><td class=\"has-text-align-left\" data-align=\"left\">0<\/td><\/tr><tr><td class=\"has-text-align-left\" data-align=\"left\">11. Navigation<\/td><td class=\"has-text-align-left\" data-align=\"left\">2<\/td><td class=\"has-text-align-left\" data-align=\"left\">0<\/td><td class=\"has-text-align-left\" data-align=\"left\">0<\/td><\/tr><tr><td class=\"has-text-align-left\" data-align=\"left\">12. Consultation<\/td><td class=\"has-text-align-left\" data-align=\"left\">3<\/td><td class=\"has-text-align-left\" data-align=\"left\">1<\/td><td class=\"has-text-align-left\" data-align=\"left\">3<\/td><\/tr><\/tbody><\/table><\/figure>\n<\/div><\/div>\n\n<div class=\"wp-block-group\"><div class=\"wp-block-group__inner-container is-layout-constrained wp-block-group-is-layout-constrained\">\n<h2 class=\"wp-block-heading mb-3\">Derogations and disproportionate burdens<\/h2>\n\n\n\n<p>Certain non-conformities are maintained because the burden is disproportionate to the benefits for disabled people. These derogations are justified by : <\/p>\n\n\n\n<ul class=\"wp-block-list\">\n<li>The technical complexity of certain interactive functions (e.g. dynamic video player).<\/li>\n\n\n\n<li>The lack of viable technical solutions to date for certain integrated third-party components (e.g. Lottie animation integration).<\/li>\n\n\n\n<li>Text element contrast<\/li>\n<\/ul>\n<\/div><\/div>\n\n<div class=\"wp-block-group\"><div class=\"wp-block-group__inner-container is-layout-constrained wp-block-group-is-layout-constrained\">\n<h2 class=\"wp-block-heading mb-3\">Commitment and improvement plan<\/h2>\n\n\n\n<p>O&#8217;Matic is committed to gradually improving the accessibility of its website as it is updated.<\/p>\n<\/div><\/div>\n\n<div class=\"wp-block-group\"><div class=\"wp-block-group__inner-container is-layout-constrained wp-block-group-is-layout-constrained\">\n<h2 class=\"wp-block-heading mb-3\">Reporting accessibility problems<\/h2>\n\n\n\n<p>If you encounter any difficulties in accessing a content or service, please contact us:<\/p>\n\n\n\n<p>Email : <a href=\"mailto:accessibilite@o-matic.ch\">accessibilite@o-matic.ch<\/a><\/p>\n\n\n\n<p>We promise to get back to you within 5 working days.<\/p>\n<\/div><\/div>\n\n<div class=\"wp-block-group\"><div class=\"wp-block-group__inner-container is-layout-constrained wp-block-group-is-layout-constrained\">\n<h2 class=\"wp-block-heading mb-3\">Recourse<\/h2>\n\n\n\n<p>If you receive an unsatisfactory response, you can contact the D\u00e9fenseur des droits in France or the Office f\u00e9d\u00e9ral des personnes handicap\u00e9es (OFPH) in Switzerland.<\/p>\n<\/div><\/div>\n\n<div class=\"wp-block-group\"><div class=\"wp-block-group__inner-container is-layout-constrained wp-block-group-is-layout-constrained\">\n<h2 class=\"wp-block-heading mb-3\">References<\/h2>\n\n\n\n<ul class=\"wp-block-list\">\n<li>Accessibility statement generator: <a href=\"https:\/\/ara.numerique.gouv.fr\/\" target=\"_blank\" rel=\"noreferrer noopener\">https:\/\/ara.numerique.gouv.fr\/<\/a><\/li>\n\n\n\n<li>RGAA 4.1.2: https: <a href=\"https:\/\/accessibilite.numerique.gouv.fr\/\" target=\"_blank\" rel=\"noreferrer noopener\">\/\/accessibilite.numerique.gouv.fr\/<\/a><\/li>\n\n\n\n<li>WCAG 2.1: International standards on which the RGAA is based.<\/li>\n<\/ul>\n<\/div><\/div>\n","protected":false},"excerpt":{"rendered":"<p>Last update: January 29, 2026 RGAA compliance The o-matic.ch website is partially compliant with the R\u00e9f\u00e9rentiel G\u00e9n\u00e9ral d&#8217;Am\u00e9lioration de l&#8217;Accessibilit\u00e9 (RGAA) version 4.1.2, due to the non-conformities and derogations listed below. This declaration is based on a 50-criteria accessibility audit carried out in accordance with the RGAA 4.1.2 methodology, available at\ud83d\udc49 https:\/\/ara.numerique.gouv.fr\/rapport\/r1B6-ybMcbeyWNSOs4a_d\/ Audit results The [&hellip;]<\/p>\n","protected":false},"author":2,"featured_media":0,"parent":0,"menu_order":0,"comment_status":"closed","ping_status":"closed","template":"templates\/container-page.php","meta":{"footnotes":""},"class_list":["post-1279","page","type-page","status-publish","hentry"],"_links":{"self":[{"href":"https:\/\/o-matic.ch\/en\/wp-json\/wp\/v2\/pages\/1279","targetHints":{"allow":["GET"]}}],"collection":[{"href":"https:\/\/o-matic.ch\/en\/wp-json\/wp\/v2\/pages"}],"about":[{"href":"https:\/\/o-matic.ch\/en\/wp-json\/wp\/v2\/types\/page"}],"author":[{"embeddable":true,"href":"https:\/\/o-matic.ch\/en\/wp-json\/wp\/v2\/users\/2"}],"replies":[{"embeddable":true,"href":"https:\/\/o-matic.ch\/en\/wp-json\/wp\/v2\/comments?post=1279"}],"version-history":[{"count":2,"href":"https:\/\/o-matic.ch\/en\/wp-json\/wp\/v2\/pages\/1279\/revisions"}],"predecessor-version":[{"id":1925,"href":"https:\/\/o-matic.ch\/en\/wp-json\/wp\/v2\/pages\/1279\/revisions\/1925"}],"wp:attachment":[{"href":"https:\/\/o-matic.ch\/en\/wp-json\/wp\/v2\/media?parent=1279"}],"curies":[{"name":"wp","href":"https:\/\/api.w.org\/{rel}","templated":true}]}}